{"id":48,"date":"2026-04-13T15:05:37","date_gmt":"2026-04-13T15:05:37","guid":{"rendered":"https:\/\/ab5galicia.com\/?page_id=48"},"modified":"2026-04-13T15:05:38","modified_gmt":"2026-04-13T15:05:38","slug":"sobre-nosotros","status":"publish","type":"page","link":"https:\/\/ab5galicia.com\/?page_id=48","title":{"rendered":"Sobre nosotros"},"content":{"rendered":"\n<p>Somos una empresa especializada en el suministro y asesoramiento de equipamiento el\u00e9ctrico y mec\u00e1nico, con una visi\u00f3n clara: impulsar la innovaci\u00f3n tecnol\u00f3gica en sectores emergentes.<\/p>\n\n\n\n<p>Con una s\u00f3lida experiencia en soluciones t\u00e9cnicas, acompa\u00f1amos a nuestros clientes en todo el proceso, desde la selecci\u00f3n de componentes hasta la implementaci\u00f3n de sistemas eficientes y adaptados a sus necesidades.<\/p>\n\n\n\n<p>Hoy damos un paso m\u00e1s all\u00e1, integr\u00e1ndonos en el apasionante mundo de los drones. Apostamos por esta tecnolog\u00eda como una herramienta clave para m\u00faltiples industrias, ofreciendo soluciones avanzadas, fiables y a medida, tanto para aplicaciones profesionales como industriales.<\/p>\n\n\n\n<p>Nuestro compromiso es claro: combinar conocimiento t\u00e9cnico, innovaci\u00f3n y cercan\u00eda para convertirnos en un socio estrat\u00e9gico de confianza.<\/p>\n","protected":false},"excerpt":{"rendered":"<p>Somos una empresa especializada en el suministro y asesoramiento de equipamiento el\u00e9ctrico y mec\u00e1nico, con una visi\u00f3n clara: impulsar la innovaci\u00f3n tecnol\u00f3gica en sectores emergentes. Con una s\u00f3lida experiencia en soluciones t\u00e9cnicas, acompa\u00f1amos a nuestros&hellip;<\/p>\n","protected":false},"author":1,"featured_media":0,"parent":0,"menu_order":0,"comment_status":"closed","ping_status":"closed","template":"","meta":{"footnotes":""},"class_list":["post-48","page","type-page","status-publish","hentry"],"yoast_head":"<!-- This site is optimized with the Yoast SEO plugin v27.1.1 - https:\/\/yoast.com\/product\/yoast-seo-wordpress\/ -->\n<title>Sobre nosotros - AB5 GALICIA SL<\/title>\n<meta name=\"robots\" content=\"index, follow, max-snippet:-1, max-image-preview:large, max-video-preview:-1\" \/>\n<link rel=\"canonical\" href=\"https:\/\/ab5galicia.com\/?page_id=48\" \/>\n<meta property=\"og:locale\" content=\"es_ES\" \/>\n<meta property=\"og:type\" content=\"article\" \/>\n<meta property=\"og:title\" content=\"Sobre nosotros - AB5 GALICIA SL\" \/>\n<meta property=\"og:description\" content=\"Somos una empresa especializada en el suministro y asesoramiento de equipamiento el\u00e9ctrico y mec\u00e1nico, con una visi\u00f3n clara: impulsar la innovaci\u00f3n tecnol\u00f3gica en sectores emergentes. Con una s\u00f3lida experiencia en soluciones t\u00e9cnicas, acompa\u00f1amos a nuestros&hellip;\" \/>\n<meta property=\"og:url\" content=\"https:\/\/ab5galicia.com\/?page_id=48\" \/>\n<meta property=\"og:site_name\" content=\"AB5 GALICIA SL\" \/>\n<meta property=\"article:modified_time\" content=\"2026-04-13T15:05:38+00:00\" \/>\n<meta name=\"twitter:card\" content=\"summary_large_image\" \/>\n<meta name=\"twitter:label1\" content=\"Tiempo de lectura\" \/>\n\t<meta name=\"twitter:data1\" content=\"1 minuto\" \/>\n<script type=\"application\/ld+json\" class=\"yoast-schema-graph\">{\"@context\":\"https:\/\/schema.org\",\"@graph\":[{\"@type\":\"WebPage\",\"@id\":\"https:\/\/ab5galicia.com\/?page_id=48\",\"url\":\"https:\/\/ab5galicia.com\/?page_id=48\",\"name\":\"Sobre nosotros - AB5 GALICIA SL\",\"isPartOf\":{\"@id\":\"https:\/\/ab5galicia.com\/#website\"},\"datePublished\":\"2026-04-13T15:05:37+00:00\",\"dateModified\":\"2026-04-13T15:05:38+00:00\",\"breadcrumb\":{\"@id\":\"https:\/\/ab5galicia.com\/?page_id=48#breadcrumb\"},\"inLanguage\":\"es\",\"potentialAction\":[{\"@type\":\"ReadAction\",\"target\":[\"https:\/\/ab5galicia.com\/?page_id=48\"]}]},{\"@type\":\"BreadcrumbList\",\"@id\":\"https:\/\/ab5galicia.com\/?page_id=48#breadcrumb\",\"itemListElement\":[{\"@type\":\"ListItem\",\"position\":1,\"name\":\"Portada\",\"item\":\"https:\/\/ab5galicia.com\/\"},{\"@type\":\"ListItem\",\"position\":2,\"name\":\"Sobre nosotros\"}]},{\"@type\":\"WebSite\",\"@id\":\"https:\/\/ab5galicia.com\/#website\",\"url\":\"https:\/\/ab5galicia.com\/\",\"name\":\"AB5 GALICIA SL\",\"description\":\"EMPRESA DE SUMINISTROS\",\"potentialAction\":[{\"@type\":\"SearchAction\",\"target\":{\"@type\":\"EntryPoint\",\"urlTemplate\":\"https:\/\/ab5galicia.com\/?s={search_term_string}\"},\"query-input\":{\"@type\":\"PropertyValueSpecification\",\"valueRequired\":true,\"valueName\":\"search_term_string\"}}],\"inLanguage\":\"es\"}]}<\/script>\n<!-- \/ Yoast SEO plugin. -->","yoast_head_json":{"title":"Sobre nosotros - AB5 GALICIA SL","robots":{"index":"index","follow":"follow","max-snippet":"max-snippet:-1","max-image-preview":"max-image-preview:large","max-video-preview":"max-video-preview:-1"},"canonical":"https:\/\/ab5galicia.com\/?page_id=48","og_locale":"es_ES","og_type":"article","og_title":"Sobre nosotros - AB5 GALICIA SL","og_description":"Somos una empresa especializada en el suministro y asesoramiento de equipamiento el\u00e9ctrico y mec\u00e1nico, con una visi\u00f3n clara: impulsar la innovaci\u00f3n tecnol\u00f3gica en sectores emergentes. Con una s\u00f3lida experiencia en soluciones t\u00e9cnicas, acompa\u00f1amos a nuestros&hellip;","og_url":"https:\/\/ab5galicia.com\/?page_id=48","og_site_name":"AB5 GALICIA SL","article_modified_time":"2026-04-13T15:05:38+00:00","twitter_card":"summary_large_image","twitter_misc":{"Tiempo de lectura":"1 minuto"},"schema":{"@context":"https:\/\/schema.org","@graph":[{"@type":"WebPage","@id":"https:\/\/ab5galicia.com\/?page_id=48","url":"https:\/\/ab5galicia.com\/?page_id=48","name":"Sobre nosotros - AB5 GALICIA SL","isPartOf":{"@id":"https:\/\/ab5galicia.com\/#website"},"datePublished":"2026-04-13T15:05:37+00:00","dateModified":"2026-04-13T15:05:38+00:00","breadcrumb":{"@id":"https:\/\/ab5galicia.com\/?page_id=48#breadcrumb"},"inLanguage":"es","potentialAction":[{"@type":"ReadAction","target":["https:\/\/ab5galicia.com\/?page_id=48"]}]},{"@type":"BreadcrumbList","@id":"https:\/\/ab5galicia.com\/?page_id=48#breadcrumb","itemListElement":[{"@type":"ListItem","position":1,"name":"Portada","item":"https:\/\/ab5galicia.com\/"},{"@type":"ListItem","position":2,"name":"Sobre nosotros"}]},{"@type":"WebSite","@id":"https:\/\/ab5galicia.com\/#website","url":"https:\/\/ab5galicia.com\/","name":"AB5 GALICIA SL","description":"EMPRESA DE SUMINISTROS","potentialAction":[{"@type":"SearchAction","target":{"@type":"EntryPoint","urlTemplate":"https:\/\/ab5galicia.com\/?s={search_term_string}"},"query-input":{"@type":"PropertyValueSpecification","valueRequired":true,"valueName":"search_term_string"}}],"inLanguage":"es"}]}},"_links":{"self":[{"href":"https:\/\/ab5galicia.com\/index.php?rest_route=\/wp\/v2\/pages\/48","targetHints":{"allow":["GET"]}}],"collection":[{"href":"https:\/\/ab5galicia.com\/index.php?rest_route=\/wp\/v2\/pages"}],"about":[{"href":"https:\/\/ab5galicia.com\/index.php?rest_route=\/wp\/v2\/types\/page"}],"author":[{"embeddable":true,"href":"https:\/\/ab5galicia.com\/index.php?rest_route=\/wp\/v2\/users\/1"}],"replies":[{"embeddable":true,"href":"https:\/\/ab5galicia.com\/index.php?rest_route=%2Fwp%2Fv2%2Fcomments&post=48"}],"version-history":[{"count":1,"href":"https:\/\/ab5galicia.com\/index.php?rest_route=\/wp\/v2\/pages\/48\/revisions"}],"predecessor-version":[{"id":49,"href":"https:\/\/ab5galicia.com\/index.php?rest_route=\/wp\/v2\/pages\/48\/revisions\/49"}],"wp:attachment":[{"href":"https:\/\/ab5galicia.com\/index.php?rest_route=%2Fwp%2Fv2%2Fmedia&parent=48"}],"curies":[{"name":"wp","href":"https:\/\/api.w.org\/{rel}","templated":true}]}}